{"id":31920,"date":"2023-04-05T13:14:23","date_gmt":"2023-04-05T11:14:23","guid":{"rendered":"https:\/\/dk9hundsport.se\/?post_type=product&#038;p=31920"},"modified":"2023-11-25T21:35:26","modified_gmt":"2023-11-25T20:35:26","slug":"non-stop-long-distance-bootie","status":"publish","type":"product","link":"https:\/\/dk9hundsport.se\/index.php\/produkt\/non-stop-long-distance-bootie\/","title":{"rendered":"Non-stop Long Distance Bootie"},"content":{"rendered":"<div class=\"description__Description-sc-kt84m0-1 tHpgt\">\n<p>V\u00e5ra tass sockar \u00e4r utvecklade i samarbete med v\u00e4rldens b\u00e4sta l\u00e5ngdistans hundk\u00f6rare och anv\u00e4nds av dem i b\u00e5de tr\u00e4ning och under t\u00e4vlingar. Elastisk kardborrband g\u00f6r att sockan passar bra p\u00e5 tassen. Long distance bootie \u00e4r mycket bekv\u00e4m f\u00f6r hunden att b\u00e4ra eftersom tyget \u00e4r b\u00e5de l\u00e4tt och mjukt. Det ger t\u00e5rna utrymme att r\u00f6ra sig naturligt \u00e4ven om hunden b\u00e4r sockar.<\/p>\n<p>Sockorna \u00e4r tillverkade av t\u00e4tt v\u00e4vd nylon. Long distance bootie har god h\u00e5llbarhet p\u00e5 sn\u00f6. sockorna skyddar hundens tassar.<\/p>\n<\/div>\n","protected":false},"excerpt":{"rendered":"<p>L\u00e5ngdistanssockan som sitter bra, l\u00e4ttvikts sockan som skyddar tassen mot sn\u00f6 och is.<\/p>\n","protected":false},"featured_media":31921,"comment_status":"open","ping_status":"closed","template":"","meta":{"neve_meta_sidebar":"","neve_meta_container":"","neve_meta_enable_content_width":"off","neve_meta_content_width":100,"neve_meta_title_alignment":"","neve_meta_author_avatar":"","neve_post_elements_order":"","neve_meta_disable_header":"","neve_meta_disable_footer":"","neve_meta_disable_title":""},"product_brand":[],"product_cat":[52],"product_tag":[54,63],"class_list":{"0":"post-31920","1":"product","2":"type-product","3":"status-publish","4":"has-post-thumbnail","6":"product_cat-dragsport","7":"product_tag-dragsport","8":"product_tag-hundutrustning","9":"product_shipping_class-normala-produkter","11":"first","12":"instock","13":"taxable","14":"shipping-taxable","15":"purchasable","16":"product-type-simple"},"_links":{"self":[{"href":"https:\/\/dk9hundsport.se\/index.php\/wp-json\/wp\/v2\/product\/31920","targetHints":{"allow":["GET"]}}],"collection":[{"href":"https:\/\/dk9hundsport.se\/index.php\/wp-json\/wp\/v2\/product"}],"about":[{"href":"https:\/\/dk9hundsport.se\/index.php\/wp-json\/wp\/v2\/types\/product"}],"replies":[{"embeddable":true,"href":"https:\/\/dk9hundsport.se\/index.php\/wp-json\/wp\/v2\/comments?post=31920"}],"wp:featuredmedia":[{"embeddable":true,"href":"https:\/\/dk9hundsport.se\/index.php\/wp-json\/wp\/v2\/media\/31921"}],"wp:attachment":[{"href":"https:\/\/dk9hundsport.se\/index.php\/wp-json\/wp\/v2\/media?parent=31920"}],"wp:term":[{"taxonomy":"product_brand","embeddable":true,"href":"https:\/\/dk9hundsport.se\/index.php\/wp-json\/wp\/v2\/product_brand?post=31920"},{"taxonomy":"product_cat","embeddable":true,"href":"https:\/\/dk9hundsport.se\/index.php\/wp-json\/wp\/v2\/product_cat?post=31920"},{"taxonomy":"product_tag","embeddable":true,"href":"https:\/\/dk9hundsport.se\/index.php\/wp-json\/wp\/v2\/product_tag?post=31920"}],"curies":[{"name":"wp","href":"https:\/\/api.w.org\/{rel}","templated":true}]}}