{"id":31918,"date":"2023-04-05T13:10:13","date_gmt":"2023-04-05T11:10:13","guid":{"rendered":"https:\/\/dk9hundsport.se\/?post_type=product&#038;p=31918"},"modified":"2023-04-05T13:34:16","modified_gmt":"2023-04-05T11:34:16","slug":"non-stop-solid-sock","status":"publish","type":"product","link":"https:\/\/dk9hundsport.se\/index.php\/produkt\/non-stop-solid-sock\/","title":{"rendered":"Non-stop Solid Sock"},"content":{"rendered":"<p>Sockan har ett elastisk kardborrband som garanterar en perfekt passform p\u00e5 alla hundar. Solid socks \u00e4r idealisk f\u00f6r tr\u00e4ning p\u00e5 barmark och grus. Det inre fodret \u00e4r mjukt nylon, medan det yttre skalet \u00e4r en h\u00e5llbar 1000 D t\u00e4tt v\u00e4vd nylon. Sockar blir slitna, men Solid socks \u00e4r mer l\u00e5ngvarig.<\/p>\n","protected":false},"excerpt":{"rendered":"<p>Dessa robusta och bekv\u00e4ma tassockor \u00e4r gjorda f\u00f6r grov terr\u00e4ng, f\u00f6rst\u00e4rkt med 1000D nylon.<\/p>\n","protected":false},"featured_media":31919,"comment_status":"open","ping_status":"closed","template":"","meta":{"neve_meta_sidebar":"","neve_meta_container":"","neve_meta_enable_content_width":"off","neve_meta_content_width":100,"neve_meta_title_alignment":"","neve_meta_author_avatar":"","neve_post_elements_order":"","neve_meta_disable_header":"","neve_meta_disable_footer":"","neve_meta_disable_title":""},"product_brand":[],"product_cat":[52],"product_tag":[54,63,58],"class_list":{"0":"post-31918","1":"product","2":"type-product","3":"status-publish","4":"has-post-thumbnail","6":"product_cat-dragsport","7":"product_tag-dragsport","8":"product_tag-hundutrustning","9":"product_tag-promenad","10":"product_shipping_class-normala-produkter","12":"first","13":"instock","14":"taxable","15":"shipping-taxable","16":"purchasable","17":"product-type-simple"},"_links":{"self":[{"href":"https:\/\/dk9hundsport.se\/index.php\/wp-json\/wp\/v2\/product\/31918","targetHints":{"allow":["GET"]}}],"collection":[{"href":"https:\/\/dk9hundsport.se\/index.php\/wp-json\/wp\/v2\/product"}],"about":[{"href":"https:\/\/dk9hundsport.se\/index.php\/wp-json\/wp\/v2\/types\/product"}],"replies":[{"embeddable":true,"href":"https:\/\/dk9hundsport.se\/index.php\/wp-json\/wp\/v2\/comments?post=31918"}],"wp:featuredmedia":[{"embeddable":true,"href":"https:\/\/dk9hundsport.se\/index.php\/wp-json\/wp\/v2\/media\/31919"}],"wp:attachment":[{"href":"https:\/\/dk9hundsport.se\/index.php\/wp-json\/wp\/v2\/media?parent=31918"}],"wp:term":[{"taxonomy":"product_brand","embeddable":true,"href":"https:\/\/dk9hundsport.se\/index.php\/wp-json\/wp\/v2\/product_brand?post=31918"},{"taxonomy":"product_cat","embeddable":true,"href":"https:\/\/dk9hundsport.se\/index.php\/wp-json\/wp\/v2\/product_cat?post=31918"},{"taxonomy":"product_tag","embeddable":true,"href":"https:\/\/dk9hundsport.se\/index.php\/wp-json\/wp\/v2\/product_tag?post=31918"}],"curies":[{"name":"wp","href":"https:\/\/api.w.org\/{rel}","templated":true}]}}