{"id":31908,"date":"2023-04-05T12:47:42","date_gmt":"2023-04-05T10:47:42","guid":{"rendered":"https:\/\/dk9hundsport.se\/?post_type=product&#038;p=31908"},"modified":"2024-05-07T00:23:29","modified_gmt":"2024-05-06T22:23:29","slug":"non-stop-bike-antenna","status":"publish","type":"product","link":"https:\/\/dk9hundsport.se\/index.php\/produkt\/non-stop-bike-antenna\/","title":{"rendered":"Non-stop Bike Antenna"},"content":{"rendered":"<p>Cykelantenn f\u00f6r att montera draglina p\u00e5 valfri cykel. H\u00e5ller ut draglinan fr\u00e5n framhjulet f\u00f6r att undvika att den trasslar in sig d\u00e4r.<\/p>\n","protected":false},"excerpt":{"rendered":"<p>Cykelantenn f\u00f6r montering av draglina p\u00e5 valfri cykel.<\/p>\n","protected":false},"featured_media":31910,"comment_status":"open","ping_status":"closed","template":"","meta":{"neve_meta_sidebar":"","neve_meta_container":"","neve_meta_enable_content_width":"off","neve_meta_content_width":100,"neve_meta_title_alignment":"","neve_meta_author_avatar":"","neve_post_elements_order":"","neve_meta_disable_header":"","neve_meta_disable_footer":"","neve_meta_disable_title":""},"product_brand":[],"product_cat":[52],"product_tag":[56,54],"class_list":{"0":"post-31908","1":"product","2":"type-product","3":"status-publish","4":"has-post-thumbnail","6":"product_cat-dragsport","7":"product_tag-cykeldrag","8":"product_tag-dragsport","9":"product_shipping_class-normala-produkter","11":"first","12":"outofstock","13":"taxable","14":"shipping-taxable","15":"purchasable","16":"product-type-simple"},"_links":{"self":[{"href":"https:\/\/dk9hundsport.se\/index.php\/wp-json\/wp\/v2\/product\/31908","targetHints":{"allow":["GET"]}}],"collection":[{"href":"https:\/\/dk9hundsport.se\/index.php\/wp-json\/wp\/v2\/product"}],"about":[{"href":"https:\/\/dk9hundsport.se\/index.php\/wp-json\/wp\/v2\/types\/product"}],"replies":[{"embeddable":true,"href":"https:\/\/dk9hundsport.se\/index.php\/wp-json\/wp\/v2\/comments?post=31908"}],"wp:featuredmedia":[{"embeddable":true,"href":"https:\/\/dk9hundsport.se\/index.php\/wp-json\/wp\/v2\/media\/31910"}],"wp:attachment":[{"href":"https:\/\/dk9hundsport.se\/index.php\/wp-json\/wp\/v2\/media?parent=31908"}],"wp:term":[{"taxonomy":"product_brand","embeddable":true,"href":"https:\/\/dk9hundsport.se\/index.php\/wp-json\/wp\/v2\/product_brand?post=31908"},{"taxonomy":"product_cat","embeddable":true,"href":"https:\/\/dk9hundsport.se\/index.php\/wp-json\/wp\/v2\/product_cat?post=31908"},{"taxonomy":"product_tag","embeddable":true,"href":"https:\/\/dk9hundsport.se\/index.php\/wp-json\/wp\/v2\/product_tag?post=31908"}],"curies":[{"name":"wp","href":"https:\/\/api.w.org\/{rel}","templated":true}]}}