{"id":31902,"date":"2023-04-05T12:40:38","date_gmt":"2023-04-05T10:40:38","guid":{"rendered":"https:\/\/dk9hundsport.se\/?post_type=product&#038;p=31902"},"modified":"2023-04-05T12:43:19","modified_gmt":"2023-04-05T10:43:19","slug":"non-stop-loype-dragbalte","status":"publish","type":"product","link":"https:\/\/dk9hundsport.se\/index.php\/produkt\/non-stop-loype-dragbalte\/","title":{"rendered":"Non-stop L\u00f6ype dragb\u00e4lte"},"content":{"rendered":"<p>Dragb\u00e4lte f\u00f6r canicross eller skid\u00e5kning med hund. Komfortabel och smidig med s\u00e4kerhetsf\u00e4ste f\u00f6r draglinan s\u00e5 att den kan hakas loss snabbt med hj\u00e4lp av en sprint vid n\u00f6dsituationer. Justerbara remmar f\u00f6r benen s\u00e5 att b\u00e4ltet sitter p\u00e5 plats.<\/p>\n","protected":false},"excerpt":{"rendered":"<p>Dragb\u00e4lte f\u00f6r canicross eller skid\u00e5kning med hund.<\/p>\n","protected":false},"featured_media":31904,"comment_status":"open","ping_status":"closed","template":"","meta":{"neve_meta_sidebar":"","neve_meta_container":"","neve_meta_enable_content_width":"off","neve_meta_content_width":100,"neve_meta_title_alignment":"","neve_meta_author_avatar":"","neve_post_elements_order":"","neve_meta_disable_header":"","neve_meta_disable_footer":"","neve_meta_disable_title":""},"product_brand":[],"product_cat":[52],"product_tag":[55,54],"class_list":{"0":"post-31902","1":"product","2":"type-product","3":"status-publish","4":"has-post-thumbnail","6":"product_cat-dragsport","7":"product_tag-canicross","8":"product_tag-dragsport","9":"product_shipping_class-normala-produkter","11":"first","12":"instock","13":"taxable","14":"shipping-taxable","15":"purchasable","16":"product-type-simple"},"_links":{"self":[{"href":"https:\/\/dk9hundsport.se\/index.php\/wp-json\/wp\/v2\/product\/31902","targetHints":{"allow":["GET"]}}],"collection":[{"href":"https:\/\/dk9hundsport.se\/index.php\/wp-json\/wp\/v2\/product"}],"about":[{"href":"https:\/\/dk9hundsport.se\/index.php\/wp-json\/wp\/v2\/types\/product"}],"replies":[{"embeddable":true,"href":"https:\/\/dk9hundsport.se\/index.php\/wp-json\/wp\/v2\/comments?post=31902"}],"wp:featuredmedia":[{"embeddable":true,"href":"https:\/\/dk9hundsport.se\/index.php\/wp-json\/wp\/v2\/media\/31904"}],"wp:attachment":[{"href":"https:\/\/dk9hundsport.se\/index.php\/wp-json\/wp\/v2\/media?parent=31902"}],"wp:term":[{"taxonomy":"product_brand","embeddable":true,"href":"https:\/\/dk9hundsport.se\/index.php\/wp-json\/wp\/v2\/product_brand?post=31902"},{"taxonomy":"product_cat","embeddable":true,"href":"https:\/\/dk9hundsport.se\/index.php\/wp-json\/wp\/v2\/product_cat?post=31902"},{"taxonomy":"product_tag","embeddable":true,"href":"https:\/\/dk9hundsport.se\/index.php\/wp-json\/wp\/v2\/product_tag?post=31902"}],"curies":[{"name":"wp","href":"https:\/\/api.w.org\/{rel}","templated":true}]}}