{"id":31823,"date":"2022-09-30T22:07:53","date_gmt":"2022-09-30T20:07:53","guid":{"rendered":"https:\/\/dk9hundsport.se\/?post_type=product&#038;p=31823"},"modified":"2025-01-03T22:22:48","modified_gmt":"2025-01-03T21:22:48","slug":"canix-belt","status":"publish","type":"product","link":"https:\/\/dk9hundsport.se\/index.php\/produkt\/canix-belt\/","title":{"rendered":"CaniX belt"},"content":{"rendered":"<p>Non-stop dogwear CaniX Belt \u00e4r ett b\u00e4lte utvecklat f\u00f6r att springa med hund. B\u00e4ltet \u00e4r utvecklat tillsammans med v\u00e4rldens b\u00e4sta Canicross ut\u00f6vare och ger dej r\u00e4tt spring teknink. B\u00e4ltet \u00e4r utvecklat i ventilerande material och \u00e4r l\u00e4tt, men samtidigt robust. CaniX Belt levereras med en karbinkrok som kan l\u00e5sas. Karbinkroken l\u00f6per fritt i remmen framf\u00f6r dej och f\u00f6ljer hundens r\u00f6relser.<br \/>\nB\u00e4ltet finns i tre storlekar och kan justeras efter dina m\u00e5tt. B\u00e4ltet har en ficka bak p\u00e5 och \u00e4r stor nog f\u00f6r att f\u00e5 med en mobiltelefon eller liknande. B\u00e4ltet har \u00e4ven reflex f\u00f6r bra synlighet.<\/p>\n","protected":false},"excerpt":{"rendered":"<p>Non-stop dogwear CaniX Belt \u00e4r ett b\u00e4lte utvecklat f\u00f6r att springa med hund. B\u00e4ltet \u00e4r utvecklat tillsammans med v\u00e4rldens b\u00e4sta Canicross ut\u00f6vare och ger dej r\u00e4tt spring teknink. B\u00e4ltet \u00e4r utvecklat i ventilerande material och \u00e4r l\u00e4tt, men samtidigt robust. CaniX Belt levereras med en karbinkrok som kan l\u00e5sas. Karbinkroken l\u00f6per fritt i remmen framf\u00f6r&hellip;&nbsp;<a href=\"https:\/\/dk9hundsport.se\/index.php\/produkt\/canix-belt\/\" rel=\"bookmark\">L\u00e4s mer &raquo;<span class=\"screen-reader-text\">CaniX belt<\/span><\/a><\/p>\n","protected":false},"featured_media":31827,"comment_status":"open","ping_status":"closed","template":"","meta":{"neve_meta_sidebar":"","neve_meta_container":"","neve_meta_enable_content_width":"off","neve_meta_content_width":100,"neve_meta_title_alignment":"","neve_meta_author_avatar":"","neve_post_elements_order":"","neve_meta_disable_header":"","neve_meta_disable_footer":"","neve_meta_disable_title":""},"product_brand":[],"product_cat":[52],"product_tag":[57,55,54],"class_list":{"0":"post-31823","1":"product","2":"type-product","3":"status-publish","4":"has-post-thumbnail","6":"product_cat-dragsport","7":"product_tag-balte","8":"product_tag-canicross","9":"product_tag-dragsport","10":"product_shipping_class-normala-produkter","12":"first","13":"instock","14":"taxable","15":"shipping-taxable","16":"purchasable","17":"product-type-simple"},"_links":{"self":[{"href":"https:\/\/dk9hundsport.se\/index.php\/wp-json\/wp\/v2\/product\/31823","targetHints":{"allow":["GET"]}}],"collection":[{"href":"https:\/\/dk9hundsport.se\/index.php\/wp-json\/wp\/v2\/product"}],"about":[{"href":"https:\/\/dk9hundsport.se\/index.php\/wp-json\/wp\/v2\/types\/product"}],"replies":[{"embeddable":true,"href":"https:\/\/dk9hundsport.se\/index.php\/wp-json\/wp\/v2\/comments?post=31823"}],"wp:featuredmedia":[{"embeddable":true,"href":"https:\/\/dk9hundsport.se\/index.php\/wp-json\/wp\/v2\/media\/31827"}],"wp:attachment":[{"href":"https:\/\/dk9hundsport.se\/index.php\/wp-json\/wp\/v2\/media?parent=31823"}],"wp:term":[{"taxonomy":"product_brand","embeddable":true,"href":"https:\/\/dk9hundsport.se\/index.php\/wp-json\/wp\/v2\/product_brand?post=31823"},{"taxonomy":"product_cat","embeddable":true,"href":"https:\/\/dk9hundsport.se\/index.php\/wp-json\/wp\/v2\/product_cat?post=31823"},{"taxonomy":"product_tag","embeddable":true,"href":"https:\/\/dk9hundsport.se\/index.php\/wp-json\/wp\/v2\/product_tag?post=31823"}],"curies":[{"name":"wp","href":"https:\/\/api.w.org\/{rel}","templated":true}]}}