{"id":31812,"date":"2022-09-30T11:51:05","date_gmt":"2022-09-30T09:51:05","guid":{"rendered":"https:\/\/dk9hundsport.se\/?post_type=product&#038;p=31812"},"modified":"2023-04-05T10:58:00","modified_gmt":"2023-04-05T08:58:00","slug":"non-stop-bungee-leash","status":"publish","type":"product","link":"https:\/\/dk9hundsport.se\/index.php\/produkt\/non-stop-bungee-leash\/","title":{"rendered":"Non-stop Bungee leash"},"content":{"rendered":"<div class=\"info\">\n<div class=\"field_value is_big_string\">\n<p>Non-stop dogwear Bungee leash \u00e4r framtaget till l\u00f6pning, cykling och skid\u00e5kning med din hund. Hela kopplet \u00e4r elastiskt.<\/p>\n<p>Bungee leash finns i tv\u00e5 l\u00e4ngder, 2 meter och 2,8 meter. 2 meters varianten \u00e4r perfekt f\u00f6r l\u00f6pning och vandring. F\u00f6r aktiviteter som skid\u00e5kning, cykling eller kickbike med din hund, beh\u00f6vs ett l\u00e4ngre avst\u00e5nd till fr\u00e5n din utrustning till din hund f\u00f6r s\u00e4kerhetens skull, d\u00e5 \u00e4r det 2,8 meters l\u00e5nga alternativet det perfekta valet.<\/p>\n<p>K\u00e4rnan i bungee leash \u00e4r gjort av h\u00f6g kvalitets gummi, starkt nog att h\u00e5lla de starkaste hundarna. K\u00e4rnan \u00e4r skyddad av ett yttre av solid polyester. Bungee leash f\u00e4stes i din hunds sele med hj\u00e4lp av en twist-lock karbin.<\/p>\n<\/div>\n<\/div>\n","protected":false},"excerpt":{"rendered":"<p>Non-stop dogwear Bungee leash \u00e4r framtaget till l\u00f6pning, cykling och skid\u00e5kning med din hund. Hela kopplet \u00e4r elastiskt. Bungee leash finns i tv\u00e5 l\u00e4ngder, 2 meter och 2,8 meter. 2 meters varianten \u00e4r perfekt f\u00f6r l\u00f6pning och vandring. F\u00f6r aktiviteter som skid\u00e5kning, cykling eller kickbike med din hund, beh\u00f6vs ett l\u00e4ngre avst\u00e5nd till fr\u00e5n din&hellip;&nbsp;<a href=\"https:\/\/dk9hundsport.se\/index.php\/produkt\/non-stop-bungee-leash\/\" rel=\"bookmark\">L\u00e4s mer &raquo;<span class=\"screen-reader-text\">Non-stop Bungee leash<\/span><\/a><\/p>\n","protected":false},"featured_media":31813,"comment_status":"open","ping_status":"closed","template":"","meta":{"neve_meta_sidebar":"","neve_meta_container":"","neve_meta_enable_content_width":"","neve_meta_content_width":0,"neve_meta_title_alignment":"","neve_meta_author_avatar":"","neve_post_elements_order":"","neve_meta_disable_header":"","neve_meta_disable_footer":"","neve_meta_disable_title":""},"product_brand":[],"product_cat":[52],"product_tag":[],"class_list":{"0":"post-31812","1":"product","2":"type-product","3":"status-publish","4":"has-post-thumbnail","6":"product_cat-dragsport","7":"product_shipping_class-normala-produkter","9":"first","10":"instock","11":"taxable","12":"shipping-taxable","13":"purchasable","14":"product-type-variable"},"_links":{"self":[{"href":"https:\/\/dk9hundsport.se\/index.php\/wp-json\/wp\/v2\/product\/31812","targetHints":{"allow":["GET"]}}],"collection":[{"href":"https:\/\/dk9hundsport.se\/index.php\/wp-json\/wp\/v2\/product"}],"about":[{"href":"https:\/\/dk9hundsport.se\/index.php\/wp-json\/wp\/v2\/types\/product"}],"replies":[{"embeddable":true,"href":"https:\/\/dk9hundsport.se\/index.php\/wp-json\/wp\/v2\/comments?post=31812"}],"wp:featuredmedia":[{"embeddable":true,"href":"https:\/\/dk9hundsport.se\/index.php\/wp-json\/wp\/v2\/media\/31813"}],"wp:attachment":[{"href":"https:\/\/dk9hundsport.se\/index.php\/wp-json\/wp\/v2\/media?parent=31812"}],"wp:term":[{"taxonomy":"product_brand","embeddable":true,"href":"https:\/\/dk9hundsport.se\/index.php\/wp-json\/wp\/v2\/product_brand?post=31812"},{"taxonomy":"product_cat","embeddable":true,"href":"https:\/\/dk9hundsport.se\/index.php\/wp-json\/wp\/v2\/product_cat?post=31812"},{"taxonomy":"product_tag","embeddable":true,"href":"https:\/\/dk9hundsport.se\/index.php\/wp-json\/wp\/v2\/product_tag?post=31812"}],"curies":[{"name":"wp","href":"https:\/\/api.w.org\/{rel}","templated":true}]}}