{"id":31806,"date":"2022-09-30T11:39:43","date_gmt":"2022-09-30T09:39:43","guid":{"rendered":"https:\/\/dk9hundsport.se\/?post_type=product&#038;p=31806"},"modified":"2023-04-05T10:58:30","modified_gmt":"2023-04-05T08:58:30","slug":"non-stop-freemotion-sele","status":"publish","type":"product","link":"https:\/\/dk9hundsport.se\/index.php\/produkt\/non-stop-freemotion-sele\/","title":{"rendered":"Non-stop Freemotion sele"},"content":{"rendered":"<p>Non-stop dogwear Freemotion Harness \u00e4r utvecklat f\u00f6r aktiviteter med h\u00f6gre dragpunkt, som l\u00f6pning, cykling och skid\u00e5kning. Freemotion Harness- selen \u00e4r utvecklad f\u00f6r att ge din hund fri r\u00f6relse f\u00f6r axlarna och minimal andningsbesv\u00e4r. Selen \u00e4r gjord av ett slitstarkt material. Integrerade 3M reflekterande material f\u00f6r h\u00f6g synlighet.<br \/>\nSelen \u00e4r justerbar och finns i storlekar fr\u00e5n 2 till 10.<\/p>\n","protected":false},"excerpt":{"rendered":"<p>Freemotion sele f\u00f6r dragsport.<\/p>\n","protected":false},"featured_media":31808,"comment_status":"open","ping_status":"closed","template":"","meta":{"neve_meta_sidebar":"","neve_meta_container":"","neve_meta_enable_content_width":"","neve_meta_content_width":0,"neve_meta_title_alignment":"","neve_meta_author_avatar":"","neve_post_elements_order":"","neve_meta_disable_header":"","neve_meta_disable_footer":"","neve_meta_disable_title":""},"product_brand":[],"product_cat":[52],"product_tag":[55,56,53,54],"class_list":{"0":"post-31806","1":"product","2":"type-product","3":"status-publish","4":"has-post-thumbnail","6":"product_cat-dragsport","7":"product_tag-canicross","8":"product_tag-cykeldrag","9":"product_tag-dragsele","10":"product_tag-dragsport","11":"product_shipping_class-normala-produkter","13":"first","14":"instock","15":"taxable","16":"shipping-taxable","17":"purchasable","18":"product-type-simple"},"_links":{"self":[{"href":"https:\/\/dk9hundsport.se\/index.php\/wp-json\/wp\/v2\/product\/31806","targetHints":{"allow":["GET"]}}],"collection":[{"href":"https:\/\/dk9hundsport.se\/index.php\/wp-json\/wp\/v2\/product"}],"about":[{"href":"https:\/\/dk9hundsport.se\/index.php\/wp-json\/wp\/v2\/types\/product"}],"replies":[{"embeddable":true,"href":"https:\/\/dk9hundsport.se\/index.php\/wp-json\/wp\/v2\/comments?post=31806"}],"wp:featuredmedia":[{"embeddable":true,"href":"https:\/\/dk9hundsport.se\/index.php\/wp-json\/wp\/v2\/media\/31808"}],"wp:attachment":[{"href":"https:\/\/dk9hundsport.se\/index.php\/wp-json\/wp\/v2\/media?parent=31806"}],"wp:term":[{"taxonomy":"product_brand","embeddable":true,"href":"https:\/\/dk9hundsport.se\/index.php\/wp-json\/wp\/v2\/product_brand?post=31806"},{"taxonomy":"product_cat","embeddable":true,"href":"https:\/\/dk9hundsport.se\/index.php\/wp-json\/wp\/v2\/product_cat?post=31806"},{"taxonomy":"product_tag","embeddable":true,"href":"https:\/\/dk9hundsport.se\/index.php\/wp-json\/wp\/v2\/product_tag?post=31806"}],"curies":[{"name":"wp","href":"https:\/\/api.w.org\/{rel}","templated":true}]}}