{"id":31797,"date":"2022-09-22T16:34:29","date_gmt":"2022-09-22T14:34:29","guid":{"rendered":"https:\/\/dk9hundsport.se\/?post_type=product&#038;p=31797"},"modified":"2023-04-05T10:59:03","modified_gmt":"2023-04-05T08:59:03","slug":"magnetburk","status":"publish","type":"product","link":"https:\/\/dk9hundsport.se\/index.php\/produkt\/magnetburk\/","title":{"rendered":"Magnetburk"},"content":{"rendered":"<p>Beh\u00e5llare f\u00f6r doft\u00e4mne till nosework eller specials\u00f6k. Med stark magnet f\u00f6r att enkelt kunna f\u00e4sta burken p\u00e5 metallf\u00f6rem\u00e5l.<\/p>\n","protected":false},"excerpt":{"rendered":"<p>Beh\u00e5llare f\u00f6r doft\u00e4mne till nosework eller specials\u00f6k.<\/p>\n","protected":false},"featured_media":31798,"comment_status":"open","ping_status":"closed","template":"","meta":{"neve_meta_sidebar":"","neve_meta_container":"","neve_meta_enable_content_width":"off","neve_meta_content_width":100,"neve_meta_title_alignment":"","neve_meta_author_avatar":"","neve_post_elements_order":"","neve_meta_disable_header":"","neve_meta_disable_footer":"","neve_meta_disable_title":""},"product_brand":[],"product_cat":[17],"product_tag":[46,47,48],"class_list":{"0":"post-31797","1":"product","2":"type-product","3":"status-publish","4":"has-post-thumbnail","6":"product_cat-nosework-specialsok","7":"product_tag-behallare","8":"product_tag-nosework","9":"product_tag-specialsok","10":"product_shipping_class-normala-produkter","12":"first","13":"instock","14":"taxable","15":"shipping-taxable","16":"purchasable","17":"product-type-simple"},"_links":{"self":[{"href":"https:\/\/dk9hundsport.se\/index.php\/wp-json\/wp\/v2\/product\/31797","targetHints":{"allow":["GET"]}}],"collection":[{"href":"https:\/\/dk9hundsport.se\/index.php\/wp-json\/wp\/v2\/product"}],"about":[{"href":"https:\/\/dk9hundsport.se\/index.php\/wp-json\/wp\/v2\/types\/product"}],"replies":[{"embeddable":true,"href":"https:\/\/dk9hundsport.se\/index.php\/wp-json\/wp\/v2\/comments?post=31797"}],"wp:featuredmedia":[{"embeddable":true,"href":"https:\/\/dk9hundsport.se\/index.php\/wp-json\/wp\/v2\/media\/31798"}],"wp:attachment":[{"href":"https:\/\/dk9hundsport.se\/index.php\/wp-json\/wp\/v2\/media?parent=31797"}],"wp:term":[{"taxonomy":"product_brand","embeddable":true,"href":"https:\/\/dk9hundsport.se\/index.php\/wp-json\/wp\/v2\/product_brand?post=31797"},{"taxonomy":"product_cat","embeddable":true,"href":"https:\/\/dk9hundsport.se\/index.php\/wp-json\/wp\/v2\/product_cat?post=31797"},{"taxonomy":"product_tag","embeddable":true,"href":"https:\/\/dk9hundsport.se\/index.php\/wp-json\/wp\/v2\/product_tag?post=31797"}],"curies":[{"name":"wp","href":"https:\/\/api.w.org\/{rel}","templated":true}]}}